{"id":23286,"date":"2023-11-14T18:46:39","date_gmt":"2023-11-14T18:46:39","guid":{"rendered":"http:\/\/www.multiforma.es\/?page_id=23286"},"modified":"2023-11-14T23:54:25","modified_gmt":"2023-11-14T23:54:25","slug":"spa","status":"publish","type":"page","link":"https:\/\/www.multiforma.es\/fr\/spa\/","title":{"rendered":"Spa"},"content":{"rendered":"<div class=\"wpb-content-wrapper\"><p>[vc_row fullwidth=\u00a0\u00bbyes\u00a0\u00bb parallax=\u00a0\u00bb\u00a0\u00bb css=\u00a0\u00bb.vc_custom_1695852810688{padding-top: 0px !important;padding-bottom: 0px !important;background-position: center !important;background-repeat: no-repeat !important;background-size: contain !important;}\u00a0\u00bb][vc_column css=\u00a0\u00bb.vc_custom_1695852237349{padding-bottom: 0px !important;}\u00a0\u00bb]\n\t\t\t<!-- START SPA FRANCES REVOLUTION SLIDER 6.6.16 --><p class=\"rs-p-wp-fix\"><\/p>\n\t\t\t<rs-module-wrap id=\"rev_slider_35_1_wrapper\" data-source=\"gallery\" style=\"visibility:hidden;background:rgba(0,0,0,0);padding:0;margin:0px auto;margin-top:0;margin-bottom:0;\">\n\t\t\t\t<rs-module id=\"rev_slider_35_1\" style=\"\" data-version=\"6.6.16\">\n\t\t\t\t\t<rs-slides style=\"overflow: hidden; position: absolute;\">\n\t\t\t\t\t\t<rs-slide style=\"position: absolute;\" data-key=\"rs-61\" data-title=\"Slide\" data-duration=\"10000\" data-anim=\"ms:10;\" data-in=\"o:1;\" data-out=\"a:false;\">\n\t\t\t\t\t\t\t<img decoding=\"async\" src=\"\/\/www.multiforma.es\/wp-content\/plugins\/revslider\/public\/assets\/assets\/dummy.png\" alt=\"\" title=\"compacta-spa\" width=\"1200\" height=\"800\" class=\"rev-slidebg tp-rs-img rs-lazyload\" data-lazyload=\"\/\/www.multiforma.es\/wp-content\/uploads\/2023\/09\/compacta-spa.jpg\" data-bg=\"p:100% 90%;\" data-parallax=\"off\" data-no-retina>\n<!--\n\t\t\t\t\t\t\t--><rs-layer\n\t\t\t\t\t\t\t\tid=\"slider-35-slide-61-layer-3\" \n\t\t\t\t\t\t\t\tdata-type=\"text\"\n\t\t\t\t\t\t\t\tdata-rsp_ch=\"on\"\n\t\t\t\t\t\t\t\tdata-xy=\"x:c;xo:8px,0,8px,6px;y:m;yo:1px,0,-2px,0;\"\n\t\t\t\t\t\t\t\tdata-text=\"w:normal;s:70,70,60,48;l:75,75,59,58;ls:-1px;fw:600;a:center;\"\n\t\t\t\t\t\t\t\tdata-dim=\"w:900px,720px,640px,400px;\"\n\t\t\t\t\t\t\t\tdata-basealign=\"slide\"\n\t\t\t\t\t\t\t\tdata-frame_0=\"y:50px;\"\n\t\t\t\t\t\t\t\tdata-frame_1=\"e:power4.inOut;st:70;sp:1000;sR:70;\"\n\t\t\t\t\t\t\t\tdata-frame_999=\"y:100%;e:nothing;st:w;sp:500;sR:8930;\"\n\t\t\t\t\t\t\t\tdata-frame_999_mask=\"u:t;\"\n\t\t\t\t\t\t\t\tstyle=\"z-index:7;font-family:'Montserrat';\"\n\t\t\t\t\t\t\t>S\u00e9rie SPA \n\t\t\t\t\t\t\t<\/rs-layer><!--\n-->\t\t\t\t\t\t<\/rs-slide>\n\t\t\t\t\t<\/rs-slides>\n\t\t\t\t<\/rs-module>\n\t\t\t\t<script>\n\t\t\t\t\tsetREVStartSize({c: 'rev_slider_35_1',rl:[1240,1024,778,480],el:[800,768,700,720],gw:[1240,1024,778,480],gh:[800,700,700,700],type:'standard',justify:'',layout:'fullwidth',mh:\"100%\"});if (window.RS_MODULES!==undefined && window.RS_MODULES.modules!==undefined && window.RS_MODULES.modules[\"revslider351\"]!==undefined) {window.RS_MODULES.modules[\"revslider351\"].once = false;window.revapi35 = undefined;if (window.RS_MODULES.checkMinimal!==undefined) window.RS_MODULES.checkMinimal()}\n\t\t\t\t<\/script>\n\t\t\t<\/rs-module-wrap>\n\t\t\t<!-- END REVOLUTION SLIDER -->\n[\/vc_column][\/vc_row][vc_row el_class=\u00a0\u00bbbg-color\u00a0\u00bb css=\u00a0\u00bb.vc_custom_1695852186454{padding-top: 0px !important;padding-bottom: 30px !important;}\u00a0\u00bb][vc_column][\/vc_column][\/vc_row][vc_row fullwidth=\u00a0\u00bbyes\u00a0\u00bb css=\u00a0\u00bb.vc_custom_1697412156547{padding-top: 70px !important;padding-bottom: 0px !important;background-position: center !important;background-repeat: no-repeat !important;background-size: cover !important;}\u00a0\u00bb][vc_column][vc_row_inner][vc_column_inner width=\u00a0\u00bb1\/6&Prime;][\/vc_column_inner][vc_column_inner width=\u00a0\u00bb2\/3&Prime;][vc_custom_heading text=\u00a0\u00bbChez Multiforma, nous avons d\u00e9velopp\u00e9 une gamme de piscines SPA qui int\u00e8grent en standard le syst\u00e8me d\u2019hydromassage, avec la possibilit\u00e9 d\u2019ajouter des jets air-eau suppl\u00e9mentaires pour plus de confort et de plaisir pendant le bain.\u00a0\u00bb font_container=\u00a0\u00bbtag:h2|font_size:25|text_align:center\u00a0\u00bb use_theme_fonts=\u00a0\u00bbyes\u00a0\u00bb][\/vc_column_inner][vc_column_inner width=\u00a0\u00bb1\/6&Prime;][\/vc_column_inner][\/vc_row_inner][vc_row_inner gap=\u00a0\u00bb10&Prime; css=\u00a0\u00bb.vc_custom_1695908630083{margin-right: 100px !important;margin-left: 100px !important;}\u00a0\u00bb][vc_column_inner][vc_single_image image=\u00a0\u00bb23048&Prime; img_size=\u00a0\u00bbfull\u00a0\u00bb alignment=\u00a0\u00bbcenter\u00a0\u00bb onclick=\u00a0\u00bblink_image\u00a0\u00bb css_animation=\u00a0\u00bbtop-to-bottom\u00a0\u00bb][\/vc_column_inner][\/vc_row_inner][\/vc_column][\/vc_row][vc_row fullwidth=\u00a0\u00bbyes\u00a0\u00bb css=\u00a0\u00bb.vc_custom_1695904611133{padding-top: 70px !important;padding-bottom: 50px !important;background-position: center !important;background-repeat: no-repeat !important;background-size: cover !important;}\u00a0\u00bb][vc_column][vc_row_inner][vc_column_inner width=\u00a0\u00bb1\/2&Prime;][vc_custom_heading text=\u00a0\u00bbRenseignez-vous sur\u00a0\u00bb font_container=\u00a0\u00bbtag:h1|font_size:40|text_align:right|color:%231a72ad\u00a0\u00bb use_theme_fonts=\u00a0\u00bbyes\u00a0\u00bb][\/vc_column_inner][vc_column_inner width=\u00a0\u00bb1\/2&Prime;]\n    <a class=\"btn btn-fx btn-line-black \" href=\"http:\/\/www.multiforma.es\/fr\/accessoires\/\" target=\"_self\">ACCESSOIRES<\/a>  \t\n[\/vc_column_inner][\/vc_row_inner][\/vc_column][\/vc_row][vc_row fullwidth=\u00a0\u00bbyes\u00a0\u00bb css=\u00a0\u00bb.vc_custom_1695927919005{padding-bottom: 25px !important;background-position: center !important;background-repeat: no-repeat !important;background-size: cover !important;}\u00a0\u00bb][vc_column width=\u00a0\u00bb1\/3&Prime;][vc_single_image image=\u00a0\u00bb22665&Prime; img_size=\u00a0\u00bbfull\u00a0\u00bb alignment=\u00a0\u00bbcenter\u00a0\u00bb onclick=\u00a0\u00bblink_image\u00a0\u00bb][\/vc_column][vc_column width=\u00a0\u00bb1\/3&Prime;][vc_single_image image=\u00a0\u00bb22864&Prime; img_size=\u00a0\u00bbfull\u00a0\u00bb alignment=\u00a0\u00bbcenter\u00a0\u00bb onclick=\u00a0\u00bblink_image\u00a0\u00bb][\/vc_column][vc_column width=\u00a0\u00bb1\/3&Prime;][vc_single_image image=\u00a0\u00bb22865&Prime; img_size=\u00a0\u00bbfull\u00a0\u00bb alignment=\u00a0\u00bbcenter\u00a0\u00bb onclick=\u00a0\u00bblink_image\u00a0\u00bb][\/vc_column][\/vc_row][vc_row fullwidth=\u00a0\u00bbyes\u00a0\u00bb el_class=\u00a0\u00bbbg-color\u00a0\u00bb css=\u00a0\u00bb.vc_custom_1695751174359{padding-top: 70px !important;padding-bottom: 50px !important;background-image: url(http:\/\/www.multiforma.es\/wp-content\/uploads\/2023\/09\/agua-2_14-azul.jpg?id=22682) !important;background-position: center !important;background-repeat: no-repeat !important;background-size: cover !important;}\u00a0\u00bb][vc_column][vc_column_text css=\u00a0\u00bb.vc_custom_1699987596949{margin-bottom: 30px !important;margin-left: 115px !important;}\u00a0\u00bb]<\/p>\n<h2><span style=\"color: #ffffff;\">Certificats et garantie<span class=\"tiny-border\">x<\/span><\/span><\/h2>\n<p>[\/vc_column_text][vc_row_inner css=\u00a0\u00bb.vc_custom_1695751187007{margin-right: 100px !important;margin-left: 100px !important;}\u00a0\u00bb][vc_column_inner width=\u00a0\u00bb1\/6&Prime;][\/vc_column_inner][vc_column_inner width=\u00a0\u00bb2\/3&Prime;][vc_single_image image=\u00a0\u00bb23004&Prime; img_size=\u00a0\u00bbfull\u00a0\u00bb alignment=\u00a0\u00bbcenter\u00a0\u00bb onclick=\u00a0\u00bblink_image\u00a0\u00bb css_animation=\u00a0\u00bbtop-to-bottom\u00a0\u00bb][\/vc_column_inner][vc_column_inner width=\u00a0\u00bb1\/6&Prime;][\/vc_column_inner][\/vc_row_inner][\/vc_column][\/vc_row][vc_row css=\u00a0\u00bb.vc_custom_1695756245688{padding-top: 30px !important;padding-bottom: 30px !important;}\u00a0\u00bb el_class=\u00a0\u00bbbg-color\u00a0\u00bb][vc_column][\/vc_column][\/vc_row]<\/p>\n<\/div>","protected":false},"excerpt":{"rendered":"<p>[vc_row fullwidth=\u00a0\u00bbyes\u00a0\u00bb parallax=\u00a0\u00bb\u00a0\u00bb css=\u00a0\u00bb.vc_custom_1695852810688{padding-top: 0px !important;padding-bottom: 0px !important;background-position: center !important;background-repeat: no-repeat !important;background-size: contain !important;}\u00a0\u00bb][vc_column css=\u00a0\u00bb.vc_custom_1695852237349{padding-bottom: 0px !important;}\u00a0\u00bb][\/vc_column][\/vc_row][vc_row el_class=\u00a0\u00bbbg-color\u00a0\u00bb css=\u00a0\u00bb.vc_custom_1695852186454{padding-top: 0px !important;padding-bottom: 30px !important;}\u00a0\u00bb][vc_column][\/vc_column][\/vc_row][vc_row fullwidth=\u00a0\u00bbyes\u00a0\u00bb css=\u00a0\u00bb.vc_custom_1697412156547{padding-top: 70px !important;padding-bottom: 0px !important;background-position: center !important;background-repeat: no-repeat !important;background-size: cover !important;}\u00a0\u00bb][vc_column][vc_row_inner][vc_column_inner width=\u00a0\u00bb1\/6&Prime;][\/vc_column_inner][vc_column_inner width=\u00a0\u00bb2\/3&Prime;][vc_custom_heading text=\u00a0\u00bbChez Multiforma, nous avons d\u00e9velopp\u00e9 une gamme de piscines SPA qui int\u00e8grent en standard le syst\u00e8me d\u2019hydromassage, avec [&hellip;]<\/p>\n","protected":false},"author":1,"featured_media":0,"parent":0,"menu_order":0,"comment_status":"closed","ping_status":"closed","template":"page-templates\/template-canvas.php","meta":{"footnotes":""},"class_list":["post-23286","page","type-page","status-publish","hentry"],"_links":{"self":[{"href":"https:\/\/www.multiforma.es\/fr\/wp-json\/wp\/v2\/pages\/23286","targetHints":{"allow":["GET"]}}],"collection":[{"href":"https:\/\/www.multiforma.es\/fr\/wp-json\/wp\/v2\/pages"}],"about":[{"href":"https:\/\/www.multiforma.es\/fr\/wp-json\/wp\/v2\/types\/page"}],"author":[{"embeddable":true,"href":"https:\/\/www.multiforma.es\/fr\/wp-json\/wp\/v2\/users\/1"}],"replies":[{"embeddable":true,"href":"https:\/\/www.multiforma.es\/fr\/wp-json\/wp\/v2\/comments?post=23286"}],"version-history":[{"count":3,"href":"https:\/\/www.multiforma.es\/fr\/wp-json\/wp\/v2\/pages\/23286\/revisions"}],"predecessor-version":[{"id":23428,"href":"https:\/\/www.multiforma.es\/fr\/wp-json\/wp\/v2\/pages\/23286\/revisions\/23428"}],"wp:attachment":[{"href":"https:\/\/www.multiforma.es\/fr\/wp-json\/wp\/v2\/media?parent=23286"}],"curies":[{"name":"wp","href":"https:\/\/api.w.org\/{rel}","templated":true}]}}