{"id":23298,"date":"2023-10-15T22:15:42","date_gmt":"2023-10-15T22:15:42","guid":{"rendered":"http:\/\/www.multiforma.es\/instalaciones-especiales\/"},"modified":"2023-11-14T22:35:21","modified_gmt":"2023-11-14T22:35:21","slug":"installations-speciales","status":"publish","type":"page","link":"https:\/\/www.multiforma.es\/fr\/installations-speciales\/","title":{"rendered":"INSTALLATIONS SP\u00c9CIALES"},"content":{"rendered":"<div class=\"wpb-content-wrapper\"><p>[vc_row fullwidth=\u00a0\u00bbyes\u00a0\u00bb parallax=\u00a0\u00bb\u00a0\u00bb css=\u00a0\u00bb.vc_custom_1695852810688{padding-top: 0px !important;padding-bottom: 0px !important;background-position: center !important;background-repeat: no-repeat !important;background-size: contain !important;}\u00a0\u00bb][vc_column css=\u00a0\u00bb.vc_custom_1695852237349{padding-bottom: 0px !important;}\u00a0\u00bb]\n\t\t\t<!-- START INSTALACIONES ESPECIALES FRAN REVOLUTION SLIDER 6.6.16 --><p class=\"rs-p-wp-fix\"><\/p>\n\t\t\t<rs-module-wrap id=\"rev_slider_37_1_wrapper\" data-source=\"gallery\" style=\"visibility:hidden;background:rgba(0,0,0,0);padding:0;margin:0px auto;margin-top:0;margin-bottom:0;\">\n\t\t\t\t<rs-module id=\"rev_slider_37_1\" style=\"\" data-version=\"6.6.16\">\n\t\t\t\t\t<rs-slides style=\"overflow: hidden; position: absolute;\">\n\t\t\t\t\t\t<rs-slide style=\"position: absolute;\" data-key=\"rs-63\" data-title=\"Slide\" data-duration=\"10000\" data-anim=\"ms:10;\" data-in=\"o:1;\" data-out=\"a:false;\">\n\t\t\t\t\t\t\t<img decoding=\"async\" src=\"\/\/www.multiforma.es\/wp-content\/plugins\/revslider\/public\/assets\/assets\/dummy.png\" alt=\"\" title=\"SEPARA-INSTALACIONES-MULTIPISICNAS-WEB\" width=\"1240\" height=\"700\" class=\"rev-slidebg tp-rs-img rs-lazyload\" data-lazyload=\"\/\/www.multiforma.es\/wp-content\/uploads\/2023\/10\/SEPARA-INSTALACIONES-MULTIPISICNAS-WEB.jpg\" data-parallax=\"off\" data-no-retina>\n<!--\n\t\t\t\t\t\t\t--><rs-layer\n\t\t\t\t\t\t\t\tid=\"slider-37-slide-63-layer-3\" \n\t\t\t\t\t\t\t\tdata-type=\"text\"\n\t\t\t\t\t\t\t\tdata-rsp_ch=\"on\"\n\t\t\t\t\t\t\t\tdata-xy=\"x:c;xo:8px,0,8px,6px;y:m;yo:1px,0,-2px,0;\"\n\t\t\t\t\t\t\t\tdata-text=\"w:normal;s:70,70,60,48;l:75,75,59,58;ls:-1px;fw:600;a:center;\"\n\t\t\t\t\t\t\t\tdata-dim=\"w:583px,720px,640px,400px;\"\n\t\t\t\t\t\t\t\tdata-basealign=\"slide\"\n\t\t\t\t\t\t\t\tdata-frame_0=\"y:50px;\"\n\t\t\t\t\t\t\t\tdata-frame_1=\"e:power4.inOut;st:70;sp:1000;sR:70;\"\n\t\t\t\t\t\t\t\tdata-frame_999=\"y:100%;e:nothing;st:w;sp:500;sR:8930;\"\n\t\t\t\t\t\t\t\tdata-frame_999_mask=\"u:t;\"\n\t\t\t\t\t\t\t\tstyle=\"z-index:7;font-family:'Montserrat';\"\n\t\t\t\t\t\t\t>INSTALLATIONS<BR>SP\u00c9CIALES \n\t\t\t\t\t\t\t<\/rs-layer><!--\n-->\t\t\t\t\t\t<\/rs-slide>\n\t\t\t\t\t<\/rs-slides>\n\t\t\t\t<\/rs-module>\n\t\t\t\t<script>\n\t\t\t\t\tsetREVStartSize({c: 'rev_slider_37_1',rl:[1240,1024,778,480],el:[700,768,700,720],gw:[1240,1024,778,480],gh:[700,700,700,700],type:'standard',justify:'',layout:'fullwidth',mh:\"100%\"});if (window.RS_MODULES!==undefined && window.RS_MODULES.modules!==undefined && window.RS_MODULES.modules[\"revslider371\"]!==undefined) {window.RS_MODULES.modules[\"revslider371\"].once = false;window.revapi37 = undefined;if (window.RS_MODULES.checkMinimal!==undefined) window.RS_MODULES.checkMinimal()}\n\t\t\t\t<\/script>\n\t\t\t<\/rs-module-wrap>\n\t\t\t<!-- END REVOLUTION SLIDER -->\n[\/vc_column][\/vc_row][vc_row el_class=\u00a0\u00bbbg-color\u00a0\u00bb css=\u00a0\u00bb.vc_custom_1697408931751{padding-top: 30px !important;padding-bottom: 30px !important;}\u00a0\u00bb][vc_column][\/vc_column][\/vc_row][vc_row equal_height=\u00a0\u00bbyes\u00a0\u00bb content_placement=\u00a0\u00bbmiddle\u00a0\u00bb fullwidth=\u00a0\u00bbyes\u00a0\u00bb css=\u00a0\u00bb.vc_custom_1697409302293{padding-top: 0px !important;padding-bottom: 0px !important;}\u00a0\u00bb][vc_column width=\u00a0\u00bb1\/2&Prime; css=\u00a0\u00bb.vc_custom_1697408734695{padding-top: 0px !important;background-image: url(http:\/\/www.multiforma.es\/wp-content\/uploads\/2023\/10\/pool-4379962.jpg?id=22915) !important;}\u00a0\u00bb][\/vc_column][vc_column width=\u00a0\u00bb1\/2&Prime; el_class=\u00a0\u00bbpadd90&Prime; css=\u00a0\u00bb.vc_custom_1697409922419{background-image: url(http:\/\/www.multiforma.es\/wp-content\/uploads\/2023\/10\/DSC05804-reto-2.jpg?id=22920) !important;}\u00a0\u00bb][vc_column_text css=\u00a0\u00bb.vc_custom_1699988666976{margin-bottom: 30px !important;}\u00a0\u00bb]<\/p>\n<h2><span style=\"color: #0d4e9c;\"><span style=\"color: #ffffff;\">Piscines sur le toit<\/span><span class=\"tiny-border\">x<\/span><\/span><\/h2>\n<p>[\/vc_column_text]\n\t<div class=\"testimonial-list wow fadeIn text-light\" data-wow-delay=\".25s\">\n\t\t        <div class=\"testi-item\">\n        \tNous poss\u00e9dons une vaste exp\u00e9rience dans la fabrication de piscines sp\u00e9ciales pour installation dans les greniers ou sur les toits. Ceci n\u00e9cessite une pr\u00e9paration particuli\u00e8re en usine suivant les sp\u00e9cifications techniques de l\u2019installateur. L\u2019\u00c9CONOMIE DE POIDS et sa GARANTIE D\u2019\u00c9TANCH\u00c9IT\u00c9 en font le produit id\u00e9al pour une utilisation dans les int\u00e9rieurs de maison.\t\t\t<span><\/span>\n        <\/div>\n            <\/div>\n\n[vc_empty_space height=\u00a0\u00bb20&Prime;][\/vc_column][\/vc_row][vc_row equal_height=\u00a0\u00bbyes\u00a0\u00bb content_placement=\u00a0\u00bbmiddle\u00a0\u00bb fullwidth=\u00a0\u00bbyes\u00a0\u00bb css=\u00a0\u00bb.vc_custom_1697409302293{padding-top: 0px !important;padding-bottom: 0px !important;}\u00a0\u00bb][vc_column width=\u00a0\u00bb1\/2&Prime; css=\u00a0\u00bb.vc_custom_1697409936470{background-image: url(http:\/\/www.multiforma.es\/wp-content\/uploads\/2023\/10\/DSC05804-reto-2.jpg?id=22920) !important;}\u00a0\u00bb el_class=\u00a0\u00bbpadd90&Prime;][vc_column_text css=\u00a0\u00bb.vc_custom_1700001218885{margin-bottom: 30px !important;}\u00a0\u00bb]<\/p>\n<h2><span style=\"color: #0d4e9c;\"><span style=\"color: #ffffff;\">Piscines autoportant<\/span><span class=\"tiny-border\">x<\/span><\/span><\/h2>\n<p>[\/vc_column_text]\n\t<div class=\"testimonial-list wow fadeIn text-light\" data-wow-delay=\".25s\">\n\t\t        <div class=\"testi-item\">\n        \tNos piscines autoportantes permettent leur installation au sol, sans avoir besoin de r\u00e9aliser l\u2019installation enterr\u00e9e classique. Cela permet le mouvement de votre piscine afin que vous puissiez en profiter \u00e0 diff\u00e9rents endroits, apportant \u00e9galement une nouvelle esth\u00e9tique \u00e0 votre jardin, aussi bien sur des surfaces planes que sur des terrains irr\u00e9guliers.\t\t\t<span><\/span>\n        <\/div>\n            <\/div>\n\n[vc_empty_space height=\u00a0\u00bb20&Prime;][\/vc_column][vc_column width=\u00a0\u00bb1\/2&Prime; el_class=\u00a0\u00bbpadd90&Prime; css=\u00a0\u00bb.vc_custom_1697409467612{background-image: url(http:\/\/www.multiforma.es\/wp-content\/uploads\/2023\/10\/auto-1.jpg?id=22917) !important;}\u00a0\u00bb][\/vc_column][\/vc_row][vc_row equal_height=\u00a0\u00bbyes\u00a0\u00bb content_placement=\u00a0\u00bbmiddle\u00a0\u00bb fullwidth=\u00a0\u00bbyes\u00a0\u00bb css=\u00a0\u00bb.vc_custom_1697409302293{padding-top: 0px !important;padding-bottom: 0px !important;}\u00a0\u00bb][vc_column width=\u00a0\u00bb1\/2&Prime; css=\u00a0\u00bb.vc_custom_1697410355289{padding-top: 0px !important;background-image: url(http:\/\/www.multiforma.es\/wp-content\/uploads\/2023\/10\/lap-pools-retocada.jpg?id=22922) !important;}\u00a0\u00bb][\/vc_column][vc_column width=\u00a0\u00bb1\/2&Prime; el_class=\u00a0\u00bbpadd90&Prime; css=\u00a0\u00bb.vc_custom_1697409922419{background-image: url(http:\/\/www.multiforma.es\/wp-content\/uploads\/2023\/10\/DSC05804-reto-2.jpg?id=22920) !important;}\u00a0\u00bb][vc_column_text css=\u00a0\u00bb.vc_custom_1700001250959{margin-bottom: 30px !important;}\u00a0\u00bb]<\/p>\n<h2><span style=\"color: #0d4e9c;\"><span style=\"color: #ffffff;\">Couloirs de nage<\/span><span class=\"tiny-border\">x<\/span><\/span><\/h2>\n<p>[\/vc_column_text]\n\t<div class=\"testimonial-list wow fadeIn text-light\" data-wow-delay=\".25s\">\n\t\t        <div class=\"testi-item\">\n        \tSi vous \u00eates amateur de sport, nous vous proposons une large gamme de couloirs de nage adaptables \u00e0 toute longueur souhait\u00e9e par vous. Pensant \u00e0 votre bien-\u00eatre, ce type de piscine permet \u00e9galement l\u2019installation d\u2019\u00e9quipements de nage \u00e0 contre-courant, d\u2019un syst\u00e8me d\u2019hydromassage et d\u2019autres accessoires b\u00e9n\u00e9fiques pour votre sant\u00e9.\t\t\t<span><\/span>\n        <\/div>\n            <\/div>\n\n[vc_empty_space height=\u00a0\u00bb20&Prime;][\/vc_column][\/vc_row][vc_row equal_height=\u00a0\u00bbyes\u00a0\u00bb content_placement=\u00a0\u00bbmiddle\u00a0\u00bb fullwidth=\u00a0\u00bbyes\u00a0\u00bb css=\u00a0\u00bb.vc_custom_1697409302293{padding-top: 0px !important;padding-bottom: 0px !important;}\u00a0\u00bb][vc_column width=\u00a0\u00bb1\/2&Prime; css=\u00a0\u00bb.vc_custom_1697409936470{background-image: url(http:\/\/www.multiforma.es\/wp-content\/uploads\/2023\/10\/DSC05804-reto-2.jpg?id=22920) !important;}\u00a0\u00bb el_class=\u00a0\u00bbpadd90&Prime;][vc_column_text css=\u00a0\u00bb.vc_custom_1700001283618{margin-bottom: 30px !important;}\u00a0\u00bb]<\/p>\n<h2><span style=\"color: #0d4e9c;\"><span style=\"color: #ffffff;\">Piscines \u00e0 d\u00e9bordement<\/span><span class=\"tiny-border\">x<\/span><\/span><\/h2>\n<p>[\/vc_column_text]\n\t<div class=\"testimonial-list wow fadeIn text-light\" data-wow-delay=\".25s\">\n\t\t        <div class=\"testi-item\">\n        \tConformes \u00e0 la r\u00e9glementation en vigueur pour les piscines communautaires, nos piscines peuvent \u00eatre install\u00e9es avec un syst\u00e8me de trop-plein. Vous obtiendrez ainsi une plus grande nappe d\u2019eau, donnant \u00e0 votre piscine plus de volume et un plus grand espace de baignade, tout en pr\u00e9servant les garanties de s\u00e9curit\u00e9 \u00e9tablies.\t\t\t<span><\/span>\n        <\/div>\n            <\/div>\n\n[vc_empty_space height=\u00a0\u00bb20&Prime;][\/vc_column][vc_column width=\u00a0\u00bb1\/2&Prime; el_class=\u00a0\u00bbpadd90&Prime; css=\u00a0\u00bb.vc_custom_1697410446340{background-image: url(http:\/\/www.multiforma.es\/wp-content\/uploads\/2023\/10\/overflow-pools-retocada-2.jpg?id=22923) !important;}\u00a0\u00bb][\/vc_column][\/vc_row][vc_row el_class=\u00a0\u00bbbg-color\u00a0\u00bb css=\u00a0\u00bb.vc_custom_1695852186454{padding-top: 0px !important;padding-bottom: 30px !important;}\u00a0\u00bb][vc_column][\/vc_column][\/vc_row][vc_row fullwidth=\u00a0\u00bbyes\u00a0\u00bb el_class=\u00a0\u00bbbg-color\u00a0\u00bb css=\u00a0\u00bb.vc_custom_1695751174359{padding-top: 70px !important;padding-bottom: 50px !important;background-image: url(http:\/\/www.multiforma.es\/wp-content\/uploads\/2023\/09\/agua-2_14-azul.jpg?id=22682) !important;background-position: center !important;background-repeat: no-repeat !important;background-size: cover !important;}\u00a0\u00bb][vc_column][vc_column_text css=\u00a0\u00bb.vc_custom_1700001318707{margin-bottom: 30px !important;margin-left: 115px !important;}\u00a0\u00bb]<\/p>\n<h2><span style=\"color: #ffffff;\">Certifi\u00e9s et garantie<span class=\"tiny-border\">x<\/span><\/span><\/h2>\n<p>[\/vc_column_text][vc_row_inner css=\u00a0\u00bb.vc_custom_1695751187007{margin-right: 100px !important;margin-left: 100px !important;}\u00a0\u00bb][vc_column_inner width=\u00a0\u00bb1\/6&Prime;][\/vc_column_inner][vc_column_inner width=\u00a0\u00bb2\/3&Prime;][vc_single_image image=\u00a0\u00bb23004&Prime; img_size=\u00a0\u00bbfull\u00a0\u00bb alignment=\u00a0\u00bbcenter\u00a0\u00bb onclick=\u00a0\u00bblink_image\u00a0\u00bb css_animation=\u00a0\u00bbtop-to-bottom\u00a0\u00bb][\/vc_column_inner][vc_column_inner width=\u00a0\u00bb1\/6&Prime;][\/vc_column_inner][\/vc_row_inner][\/vc_column][\/vc_row]<\/p>\n<\/div>","protected":false},"excerpt":{"rendered":"<p>[vc_row fullwidth=\u00a0\u00bbyes\u00a0\u00bb parallax=\u00a0\u00bb\u00a0\u00bb css=\u00a0\u00bb.vc_custom_1695852810688{padding-top: 0px !important;padding-bottom: 0px !important;background-position: center !important;background-repeat: no-repeat !important;background-size: contain !important;}\u00a0\u00bb][vc_column css=\u00a0\u00bb.vc_custom_1695852237349{padding-bottom: 0px !important;}\u00a0\u00bb][\/vc_column][\/vc_row][vc_row el_class=\u00a0\u00bbbg-color\u00a0\u00bb css=\u00a0\u00bb.vc_custom_1697408931751{padding-top: 30px !important;padding-bottom: 30px !important;}\u00a0\u00bb][vc_column][\/vc_column][\/vc_row][vc_row equal_height=\u00a0\u00bbyes\u00a0\u00bb content_placement=\u00a0\u00bbmiddle\u00a0\u00bb fullwidth=\u00a0\u00bbyes\u00a0\u00bb css=\u00a0\u00bb.vc_custom_1697409302293{padding-top: 0px !important;padding-bottom: 0px !important;}\u00a0\u00bb][vc_column width=\u00a0\u00bb1\/2&Prime; css=\u00a0\u00bb.vc_custom_1697408734695{padding-top: 0px !important;background-image: url(http:\/\/www.multiforma.es\/wp-content\/uploads\/2023\/10\/pool-4379962.jpg?id=22915) !important;}\u00a0\u00bb][\/vc_column][vc_column width=\u00a0\u00bb1\/2&Prime; el_class=\u00a0\u00bbpadd90&Prime; css=\u00a0\u00bb.vc_custom_1697409922419{background-image: url(http:\/\/www.multiforma.es\/wp-content\/uploads\/2023\/10\/DSC05804-reto-2.jpg?id=22920) !important;}\u00a0\u00bb][vc_column_text css=\u00a0\u00bb.vc_custom_1699988666976{margin-bottom: 30px !important;}\u00a0\u00bb] Piscines sur le toitx [\/vc_column_text][vc_empty_space height=\u00a0\u00bb20&Prime;][\/vc_column][\/vc_row][vc_row equal_height=\u00a0\u00bbyes\u00a0\u00bb content_placement=\u00a0\u00bbmiddle\u00a0\u00bb fullwidth=\u00a0\u00bbyes\u00a0\u00bb css=\u00a0\u00bb.vc_custom_1697409302293{padding-top: [&hellip;]<\/p>\n","protected":false},"author":1,"featured_media":0,"parent":0,"menu_order":0,"comment_status":"closed","ping_status":"closed","template":"page-templates\/template-canvas.php","meta":{"footnotes":""},"class_list":["post-23298","page","type-page","status-publish","hentry"],"_links":{"self":[{"href":"https:\/\/www.multiforma.es\/fr\/wp-json\/wp\/v2\/pages\/23298","targetHints":{"allow":["GET"]}}],"collection":[{"href":"https:\/\/www.multiforma.es\/fr\/wp-json\/wp\/v2\/pages"}],"about":[{"href":"https:\/\/www.multiforma.es\/fr\/wp-json\/wp\/v2\/types\/page"}],"author":[{"embeddable":true,"href":"https:\/\/www.multiforma.es\/fr\/wp-json\/wp\/v2\/users\/1"}],"replies":[{"embeddable":true,"href":"https:\/\/www.multiforma.es\/fr\/wp-json\/wp\/v2\/comments?post=23298"}],"version-history":[{"count":5,"href":"https:\/\/www.multiforma.es\/fr\/wp-json\/wp\/v2\/pages\/23298\/revisions"}],"predecessor-version":[{"id":23310,"href":"https:\/\/www.multiforma.es\/fr\/wp-json\/wp\/v2\/pages\/23298\/revisions\/23310"}],"wp:attachment":[{"href":"https:\/\/www.multiforma.es\/fr\/wp-json\/wp\/v2\/media?parent=23298"}],"curies":[{"name":"wp","href":"https:\/\/api.w.org\/{rel}","templated":true}]}}